{"id":84,"date":"2026-01-02T18:47:34","date_gmt":"2026-01-02T17:47:34","guid":{"rendered":"https:\/\/kbzstore.pl\/?page_id=84"},"modified":"2026-01-02T18:47:35","modified_gmt":"2026-01-02T17:47:35","slug":"o-marce","status":"publish","type":"page","link":"https:\/\/kbzstore.pl\/?page_id=84","title":{"rendered":"O Marce"},"content":{"rendered":"\n<p>KBZ to polska marka odzie\u017cowa, kt\u00f3rej pomys\u0142 narodzi\u0142 si\u0119 w 2025 roku z potrzeby tworzenia ubra\u0144 codziennych, ale naprawd\u0119 przemy\u015blanych.<\/p>\n\n\n\n<p>Nie interesuje nas szybka moda ani chwilowe trendy. Naszym celem jest&nbsp;<strong>zbudowanie spo\u0142eczno\u015bci os\u00f3b, kt\u00f3rym zale\u017cy na jako\u015bci<\/strong>&nbsp;\u2014 materia\u0142\u00f3w, wykonania i decyzji podejmowanych na ka\u017cdym etapie tworzenia produktu.<\/p>\n\n\n\n<p>KBZ opiera si\u0119 na estetyce&nbsp;<strong>casual premium<\/strong>: prostych formach, ponadczasowych krojach i detalach, kt\u00f3re nie narzucaj\u0105 si\u0119, ale robi\u0105 r\u00f3\u017cnic\u0119. To ubrania stworzone do codziennego \u017cycia \u2014 wygodne, funkcjonalne i estetyczne jednocze\u015bnie.<\/p>\n\n\n\n<p>Projektujemy z my\u015bl\u0105 o d\u0142ugowieczno\u015bci. O rzeczach, kt\u00f3re zostaj\u0105 w szafie na lata, a nie na jeden sezon. Dlatego stawiamy na:<\/p>\n\n\n\n<ul class=\"wp-block-list\">\n<li><strong>jako\u015b\u0107 ponad ilo\u015b\u0107<\/strong><\/li>\n\n\n\n<li><strong>minimalizm bez kompromis\u00f3w<\/strong><\/li>\n\n\n\n<li><strong>funkcjonaln\u0105 elegancj\u0119<\/strong><\/li>\n\n\n\n<li><strong>\u015bwiadome, lokalne podej\u015bcie do produkcji<\/strong><\/li>\n<\/ul>\n\n\n\n<p>KBZ powstaje w Polsce, z pe\u0142nym szacunkiem do procesu i ludzi, kt\u00f3rzy stoj\u0105 za ka\u017cdym projektem. Wierzymy, \u017ce dobra odzie\u017c to nie tylko produkt, ale cz\u0119\u015b\u0107 codziennego rytmu i to\u017csamo\u015bci.<\/p>\n\n\n\n<p>To dopiero pocz\u0105tek.<br>Pomys\u0142 powsta\u0142 w 2025 roku.<br>Pierwsze projekty s\u0105 w realizacji.<br>Premiera wkr\u00f3tce.<\/p>\n\n\n\n<p><\/p>\n","protected":false},"excerpt":{"rendered":"<p>KBZ to polska marka odzie\u017cowa, kt\u00f3rej pomys\u0142 narodzi\u0142 si\u0119 w 2025 roku z potrzeby tworzenia ubra\u0144 codziennych, ale naprawd\u0119 przemy\u015blanych. [&hellip;]<\/p>\n","protected":false},"author":1,"featured_media":0,"parent":0,"menu_order":0,"comment_status":"closed","ping_status":"closed","template":"","meta":{"site-sidebar-layout":"default","site-content-layout":"","ast-site-content-layout":"default","site-content-style":"default","site-sidebar-style":"default","ast-global-header-display":"","ast-banner-title-visibility":"","ast-main-header-display":"","ast-hfb-above-header-display":"","ast-hfb-below-header-display":"","ast-hfb-mobile-header-display":"","site-post-title":"","ast-breadcrumbs-content":"","ast-featured-img":"","footer-sml-layout":"","ast-disable-related-posts":"","theme-transparent-header-meta":"","adv-header-id-meta":"","stick-header-meta":"","header-above-stick-meta":"","header-main-stick-meta":"","header-below-stick-meta":"","astra-migrate-meta-layouts":"default","ast-page-background-enabled":"default","ast-page-background-meta":{"desktop":{"background-color":"var(--ast-global-color-5)","background-image":"","background-repeat":"repeat","background-position":"center center","background-size":"auto","background-attachment":"scroll","background-type":"","background-media":"","overlay-type":"","overlay-color":"","overlay-opacity":"","overlay-gradient":""},"tablet":{"background-color":"","background-image":"","background-repeat":"repeat","background-position":"center center","background-size":"auto","background-attachment":"scroll","background-type":"","background-media":"","overlay-type":"","overlay-color":"","overlay-opacity":"","overlay-gradient":""},"mobile":{"background-color":"","background-image":"","background-repeat":"repeat","background-position":"center center","background-size":"auto","background-attachment":"scroll","background-type":"","background-media":"","overlay-type":"","overlay-color":"","overlay-opacity":"","overlay-gradient":""}},"ast-content-background-meta":{"desktop":{"background-color":"var(--ast-global-color-4)","background-image":"","background-repeat":"repeat","background-position":"center center","background-size":"auto","background-attachment":"scroll","background-type":"","background-media":"","overlay-type":"","overlay-color":"","overlay-opacity":"","overlay-gradient":""},"tablet":{"background-color":"var(--ast-global-color-4)","background-image":"","background-repeat":"repeat","background-position":"center center","background-size":"auto","background-attachment":"scroll","background-type":"","background-media":"","overlay-type":"","overlay-color":"","overlay-opacity":"","overlay-gradient":""},"mobile":{"background-color":"var(--ast-global-color-4)","background-image":"","background-repeat":"repeat","background-position":"center center","background-size":"auto","background-attachment":"scroll","background-type":"","background-media":"","overlay-type":"","overlay-color":"","overlay-opacity":"","overlay-gradient":""}},"footnotes":""},"class_list":["post-84","page","type-page","status-publish","hentry"],"yoast_head":"<!-- This site is optimized with the Yoast SEO plugin v27.4 - https:\/\/yoast.com\/product\/yoast-seo-wordpress\/ -->\n<title>O Marce - KBZ Store<\/title>\n<meta name=\"robots\" content=\"index, follow, max-snippet:-1, max-image-preview:large, max-video-preview:-1\" \/>\n<link rel=\"canonical\" href=\"https:\/\/kbzstore.pl\/?page_id=84\" \/>\n<meta property=\"og:locale\" content=\"pl_PL\" \/>\n<meta property=\"og:type\" content=\"article\" \/>\n<meta property=\"og:title\" content=\"O Marce - KBZ Store\" \/>\n<meta property=\"og:description\" content=\"KBZ to polska marka odzie\u017cowa, kt\u00f3rej pomys\u0142 narodzi\u0142 si\u0119 w 2025 roku z potrzeby tworzenia ubra\u0144 codziennych, ale naprawd\u0119 przemy\u015blanych. [&hellip;]\" \/>\n<meta property=\"og:url\" content=\"https:\/\/kbzstore.pl\/?page_id=84\" \/>\n<meta property=\"og:site_name\" content=\"KBZ Store\" \/>\n<meta property=\"article:modified_time\" content=\"2026-01-02T17:47:35+00:00\" \/>\n<meta name=\"twitter:card\" content=\"summary_large_image\" \/>\n<meta name=\"twitter:label1\" content=\"Szacowany czas czytania\" \/>\n\t<meta name=\"twitter:data1\" content=\"1 minuta\" \/>\n<script type=\"application\/ld+json\" class=\"yoast-schema-graph\">{\"@context\":\"https:\\\/\\\/schema.org\",\"@graph\":[{\"@type\":\"WebPage\",\"@id\":\"https:\\\/\\\/kbzstore.pl\\\/?page_id=84\",\"url\":\"https:\\\/\\\/kbzstore.pl\\\/?page_id=84\",\"name\":\"O Marce - KBZ Store\",\"isPartOf\":{\"@id\":\"https:\\\/\\\/kbzstore.pl\\\/#website\"},\"datePublished\":\"2026-01-02T17:47:34+00:00\",\"dateModified\":\"2026-01-02T17:47:35+00:00\",\"breadcrumb\":{\"@id\":\"https:\\\/\\\/kbzstore.pl\\\/?page_id=84#breadcrumb\"},\"inLanguage\":\"pl-PL\",\"potentialAction\":[{\"@type\":\"ReadAction\",\"target\":[\"https:\\\/\\\/kbzstore.pl\\\/?page_id=84\"]}]},{\"@type\":\"BreadcrumbList\",\"@id\":\"https:\\\/\\\/kbzstore.pl\\\/?page_id=84#breadcrumb\",\"itemListElement\":[{\"@type\":\"ListItem\",\"position\":1,\"name\":\"Home\",\"item\":\"https:\\\/\\\/kbzstore.pl\\\/\"},{\"@type\":\"ListItem\",\"position\":2,\"name\":\"O Marce\"}]},{\"@type\":\"WebSite\",\"@id\":\"https:\\\/\\\/kbzstore.pl\\\/#website\",\"url\":\"https:\\\/\\\/kbzstore.pl\\\/\",\"name\":\"KBZ Store\",\"description\":\"Quiet luxury. Strong identity.\",\"publisher\":{\"@id\":\"https:\\\/\\\/kbzstore.pl\\\/#organization\"},\"potentialAction\":[{\"@type\":\"SearchAction\",\"target\":{\"@type\":\"EntryPoint\",\"urlTemplate\":\"https:\\\/\\\/kbzstore.pl\\\/?s={search_term_string}\"},\"query-input\":{\"@type\":\"PropertyValueSpecification\",\"valueRequired\":true,\"valueName\":\"search_term_string\"}}],\"inLanguage\":\"pl-PL\"},{\"@type\":\"Organization\",\"@id\":\"https:\\\/\\\/kbzstore.pl\\\/#organization\",\"name\":\"KBZ Store\",\"url\":\"https:\\\/\\\/kbzstore.pl\\\/\",\"logo\":{\"@type\":\"ImageObject\",\"inLanguage\":\"pl-PL\",\"@id\":\"https:\\\/\\\/kbzstore.pl\\\/#\\\/schema\\\/logo\\\/image\\\/\",\"url\":\"https:\\\/\\\/kbzstore.pl\\\/wp-content\\\/uploads\\\/2026\\\/01\\\/cropped-cropped-cropped-IMG_6052.png\",\"contentUrl\":\"https:\\\/\\\/kbzstore.pl\\\/wp-content\\\/uploads\\\/2026\\\/01\\\/cropped-cropped-cropped-IMG_6052.png\",\"width\":281,\"height\":192,\"caption\":\"KBZ Store\"},\"image\":{\"@id\":\"https:\\\/\\\/kbzstore.pl\\\/#\\\/schema\\\/logo\\\/image\\\/\"}}]}<\/script>\n<!-- \/ Yoast SEO plugin. -->","yoast_head_json":{"title":"O Marce - KBZ Store","robots":{"index":"index","follow":"follow","max-snippet":"max-snippet:-1","max-image-preview":"max-image-preview:large","max-video-preview":"max-video-preview:-1"},"canonical":"https:\/\/kbzstore.pl\/?page_id=84","og_locale":"pl_PL","og_type":"article","og_title":"O Marce - KBZ Store","og_description":"KBZ to polska marka odzie\u017cowa, kt\u00f3rej pomys\u0142 narodzi\u0142 si\u0119 w 2025 roku z potrzeby tworzenia ubra\u0144 codziennych, ale naprawd\u0119 przemy\u015blanych. [&hellip;]","og_url":"https:\/\/kbzstore.pl\/?page_id=84","og_site_name":"KBZ Store","article_modified_time":"2026-01-02T17:47:35+00:00","twitter_card":"summary_large_image","twitter_misc":{"Szacowany czas czytania":"1 minuta"},"schema":{"@context":"https:\/\/schema.org","@graph":[{"@type":"WebPage","@id":"https:\/\/kbzstore.pl\/?page_id=84","url":"https:\/\/kbzstore.pl\/?page_id=84","name":"O Marce - KBZ Store","isPartOf":{"@id":"https:\/\/kbzstore.pl\/#website"},"datePublished":"2026-01-02T17:47:34+00:00","dateModified":"2026-01-02T17:47:35+00:00","breadcrumb":{"@id":"https:\/\/kbzstore.pl\/?page_id=84#breadcrumb"},"inLanguage":"pl-PL","potentialAction":[{"@type":"ReadAction","target":["https:\/\/kbzstore.pl\/?page_id=84"]}]},{"@type":"BreadcrumbList","@id":"https:\/\/kbzstore.pl\/?page_id=84#breadcrumb","itemListElement":[{"@type":"ListItem","position":1,"name":"Home","item":"https:\/\/kbzstore.pl\/"},{"@type":"ListItem","position":2,"name":"O Marce"}]},{"@type":"WebSite","@id":"https:\/\/kbzstore.pl\/#website","url":"https:\/\/kbzstore.pl\/","name":"KBZ Store","description":"Quiet luxury. Strong identity.","publisher":{"@id":"https:\/\/kbzstore.pl\/#organization"},"potentialAction":[{"@type":"SearchAction","target":{"@type":"EntryPoint","urlTemplate":"https:\/\/kbzstore.pl\/?s={search_term_string}"},"query-input":{"@type":"PropertyValueSpecification","valueRequired":true,"valueName":"search_term_string"}}],"inLanguage":"pl-PL"},{"@type":"Organization","@id":"https:\/\/kbzstore.pl\/#organization","name":"KBZ Store","url":"https:\/\/kbzstore.pl\/","logo":{"@type":"ImageObject","inLanguage":"pl-PL","@id":"https:\/\/kbzstore.pl\/#\/schema\/logo\/image\/","url":"https:\/\/kbzstore.pl\/wp-content\/uploads\/2026\/01\/cropped-cropped-cropped-IMG_6052.png","contentUrl":"https:\/\/kbzstore.pl\/wp-content\/uploads\/2026\/01\/cropped-cropped-cropped-IMG_6052.png","width":281,"height":192,"caption":"KBZ Store"},"image":{"@id":"https:\/\/kbzstore.pl\/#\/schema\/logo\/image\/"}}]}},"_links":{"self":[{"href":"https:\/\/kbzstore.pl\/index.php?rest_route=\/wp\/v2\/pages\/84","targetHints":{"allow":["GET"]}}],"collection":[{"href":"https:\/\/kbzstore.pl\/index.php?rest_route=\/wp\/v2\/pages"}],"about":[{"href":"https:\/\/kbzstore.pl\/index.php?rest_route=\/wp\/v2\/types\/page"}],"author":[{"embeddable":true,"href":"https:\/\/kbzstore.pl\/index.php?rest_route=\/wp\/v2\/users\/1"}],"replies":[{"embeddable":true,"href":"https:\/\/kbzstore.pl\/index.php?rest_route=%2Fwp%2Fv2%2Fcomments&post=84"}],"version-history":[{"count":2,"href":"https:\/\/kbzstore.pl\/index.php?rest_route=\/wp\/v2\/pages\/84\/revisions"}],"predecessor-version":[{"id":86,"href":"https:\/\/kbzstore.pl\/index.php?rest_route=\/wp\/v2\/pages\/84\/revisions\/86"}],"wp:attachment":[{"href":"https:\/\/kbzstore.pl\/index.php?rest_route=%2Fwp%2Fv2%2Fmedia&parent=84"}],"curies":[{"name":"wp","href":"https:\/\/api.w.org\/{rel}","templated":true}]}}